{"id":194,"date":"2023-02-12T19:16:41","date_gmt":"2023-02-12T19:16:41","guid":{"rendered":"https:\/\/tlhproject.com\/ubicaciones\/"},"modified":"2023-02-12T19:17:04","modified_gmt":"2023-02-12T19:17:04","slug":"ubicaciones","status":"publish","type":"page","link":"https:\/\/tlhproject.com\/en\/ubicaciones\/","title":{"rendered":"Locations"},"content":{"rendered":"<div data-elementor-type=\"wp-page\" data-elementor-id=\"194\" class=\"elementor elementor-194\" data-elementor-post-type=\"page\">\n\t\t\t\t\t\t<section class=\"elementor-section elementor-top-section elementor-element elementor-element-7b3e48c1 elementor-section-boxed elementor-section-height-default elementor-section-height-default\" data-id=\"7b3e48c1\" data-element_type=\"section\" data-e-type=\"section\" data-settings=\"{&quot;background_background&quot;:&quot;classic&quot;}\">\n\t\t\t\t\t\t\t<div class=\"elementor-background-overlay\"><\/div>\n\t\t\t\t\t\t\t<div class=\"elementor-container elementor-column-gap-default\">\n\t\t\t\t\t<div class=\"elementor-column elementor-col-50 elementor-top-column elementor-element elementor-element-203ac838 elementor-invisible\" data-id=\"203ac838\" data-element_type=\"column\" data-e-type=\"column\" data-settings=\"{&quot;animation&quot;:&quot;fadeInLeft&quot;}\">\n\t\t\t<div class=\"elementor-widget-wrap elementor-element-populated\">\n\t\t\t\t\t\t<div class=\"elementor-element elementor-element-370e33b8 elementor-widget elementor-widget-heading\" data-id=\"370e33b8\" data-element_type=\"widget\" data-e-type=\"widget\" data-widget_type=\"heading.default\">\n\t\t\t\t<div class=\"elementor-widget-container\">\n\t\t\t\t\t<h2 class=\"elementor-heading-title elementor-size-default\">Locations<\/h2>\t\t\t\t<\/div>\n\t\t\t\t<\/div>\n\t\t\t\t\t<\/div>\n\t\t<\/div>\n\t\t\t\t<div class=\"elementor-column elementor-col-50 elementor-top-column elementor-element elementor-element-6f434aa6\" data-id=\"6f434aa6\" data-element_type=\"column\" data-e-type=\"column\" data-settings=\"{&quot;background_background&quot;:&quot;classic&quot;}\">\n\t\t\t<div class=\"elementor-widget-wrap elementor-element-populated\">\n\t\t\t\t\t\t<div class=\"elementor-element elementor-element-794f6423 elementor-absolute e-transform elementor-widget-tablet__width-initial elementor-invisible elementor-widget elementor-widget-image\" data-id=\"794f6423\" data-element_type=\"widget\" data-e-type=\"widget\" data-settings=\"{&quot;_position&quot;:&quot;absolute&quot;,&quot;_transform_rotateZ_effect&quot;:{&quot;unit&quot;:&quot;px&quot;,&quot;size&quot;:-15,&quot;sizes&quot;:[]},&quot;_animation&quot;:&quot;rotateInUpRight&quot;,&quot;_transform_rotateZ_effect_mobile&quot;:{&quot;unit&quot;:&quot;px&quot;,&quot;size&quot;:-30,&quot;sizes&quot;:[]},&quot;_transform_rotateZ_effect_tablet&quot;:{&quot;unit&quot;:&quot;deg&quot;,&quot;size&quot;:&quot;&quot;,&quot;sizes&quot;:[]}}\" data-widget_type=\"image.default\">\n\t\t\t\t<div class=\"elementor-widget-container\">\n\t\t\t\t\t\t\t\t\t\t\t\t\t\t\t<img fetchpriority=\"high\" decoding=\"async\" width=\"1294\" height=\"1178\" src=\"https:\/\/tlhproject.com\/wp-content\/uploads\/2023\/02\/wepik-photo-mode-2022913-22451-1.png\" class=\"attachment-full size-full wp-image-195\" alt=\"\" srcset=\"https:\/\/tlhproject.com\/wp-content\/uploads\/2023\/02\/wepik-photo-mode-2022913-22451-1.png 1294w, https:\/\/tlhproject.com\/wp-content\/uploads\/2023\/02\/wepik-photo-mode-2022913-22451-1-300x273.png 300w, https:\/\/tlhproject.com\/wp-content\/uploads\/2023\/02\/wepik-photo-mode-2022913-22451-1-1024x932.png 1024w, https:\/\/tlhproject.com\/wp-content\/uploads\/2023\/02\/wepik-photo-mode-2022913-22451-1-768x699.png 768w, https:\/\/tlhproject.com\/wp-content\/uploads\/2023\/02\/wepik-photo-mode-2022913-22451-1-13x12.png 13w\" sizes=\"(max-width: 1294px) 100vw, 1294px\" \/>\t\t\t\t\t\t\t\t\t\t\t\t\t\t\t<\/div>\n\t\t\t\t<\/div>\n\t\t\t\t\t<\/div>\n\t\t<\/div>\n\t\t\t\t\t<\/div>\n\t\t<\/section>\n\t\t\t\t<section class=\"elementor-section elementor-top-section elementor-element elementor-element-4d45b5ee elementor-section-boxed elementor-section-height-default elementor-section-height-default\" data-id=\"4d45b5ee\" data-element_type=\"section\" data-e-type=\"section\" data-settings=\"{&quot;background_background&quot;:&quot;classic&quot;}\">\n\t\t\t\t\t\t<div class=\"elementor-container elementor-column-gap-default\">\n\t\t\t\t\t<div class=\"elementor-column elementor-col-33 elementor-top-column elementor-element elementor-element-52b7511f elementor-invisible\" data-id=\"52b7511f\" data-element_type=\"column\" data-e-type=\"column\" data-settings=\"{&quot;animation&quot;:&quot;fadeInUp&quot;,&quot;animation_delay&quot;:360,&quot;background_background&quot;:&quot;classic&quot;}\">\n\t\t\t<div class=\"elementor-widget-wrap elementor-element-populated\">\n\t\t\t\t\t\t<div class=\"elementor-element elementor-element-56dd3d86 elementor-widget elementor-widget-heading\" data-id=\"56dd3d86\" data-element_type=\"widget\" data-e-type=\"widget\" data-widget_type=\"heading.default\">\n\t\t\t\t<div class=\"elementor-widget-container\">\n\t\t\t\t\t<h2 class=\"elementor-heading-title elementor-size-default\">Main Location<\/h2>\t\t\t\t<\/div>\n\t\t\t\t<\/div>\n\t\t\t\t<div class=\"elementor-element elementor-element-526f01b4 elementor-widget elementor-widget-google_maps\" data-id=\"526f01b4\" data-element_type=\"widget\" data-e-type=\"widget\" data-widget_type=\"google_maps.default\">\n\t\t\t\t<div class=\"elementor-widget-container\">\n\t\t\t\t\t\t\t<div class=\"elementor-custom-embed\">\n\t\t\t<iframe loading=\"lazy\"\n\t\t\t\t\tsrc=\"https:\/\/maps.google.com\/maps?q=113%20Curtis%20Parkway%20Miami%20Springs%20Florida%2033166&#038;t=m&#038;z=10&#038;output=embed&#038;iwloc=near\"\n\t\t\t\t\ttitle=\"113 Curtis Parkway Miami Springs Florida 33166\"\n\t\t\t\t\taria-label=\"113 Curtis Parkway Miami Springs Florida 33166\"\n\t\t\t><\/iframe>\n\t\t<\/div>\n\t\t\t\t\t\t<\/div>\n\t\t\t\t<\/div>\n\t\t\t\t<div class=\"elementor-element elementor-element-4dd87b2b elementor-widget elementor-widget-text-editor\" data-id=\"4dd87b2b\" data-element_type=\"widget\" data-e-type=\"widget\" data-widget_type=\"text-editor.default\">\n\t\t\t\t<div class=\"elementor-widget-container\">\n\t\t\t\t\t\t\t\t\t113 Curtis Parkway Miami Springs Florida 33166<br>\nPhone: (786) 522 7203<br>\nFax: (786) 522 7204<br>\noffice@tlhproject.com\t\t\t\t\t\t\t\t<\/div>\n\t\t\t\t<\/div>\n\t\t\t\t<div class=\"elementor-element elementor-element-e4b27bf elementor-align-center elementor-widget elementor-widget-button\" data-id=\"e4b27bf\" data-element_type=\"widget\" data-e-type=\"widget\" data-widget_type=\"button.default\">\n\t\t\t\t<div class=\"elementor-widget-container\">\n\t\t\t\t\t\t\t\t\t<div class=\"elementor-button-wrapper\">\n\t\t\t\t\t<a class=\"elementor-button elementor-button-link elementor-size-sm\" href=\"tel:7865227203\">\n\t\t\t\t\t\t<span class=\"elementor-button-content-wrapper\">\n\t\t\t\t\t\t\t\t\t<span class=\"elementor-button-text\">Call now<\/span>\n\t\t\t\t\t<\/span>\n\t\t\t\t\t<\/a>\n\t\t\t\t<\/div>\n\t\t\t\t\t\t\t\t<\/div>\n\t\t\t\t<\/div>\n\t\t\t\t\t<\/div>\n\t\t<\/div>\n\t\t\t\t<div class=\"elementor-column elementor-col-33 elementor-top-column elementor-element elementor-element-7a0efaf0 elementor-invisible\" data-id=\"7a0efaf0\" data-element_type=\"column\" data-e-type=\"column\" data-settings=\"{&quot;animation&quot;:&quot;fadeInUp&quot;,&quot;animation_delay&quot;:360,&quot;background_background&quot;:&quot;classic&quot;}\">\n\t\t\t<div class=\"elementor-widget-wrap elementor-element-populated\">\n\t\t\t\t\t\t<div class=\"elementor-element elementor-element-5761645d elementor-widget elementor-widget-heading\" data-id=\"5761645d\" data-element_type=\"widget\" data-e-type=\"widget\" data-widget_type=\"heading.default\">\n\t\t\t\t<div class=\"elementor-widget-container\">\n\t\t\t\t\t<h2 class=\"elementor-heading-title elementor-size-default\">Leigh Location<\/h2>\t\t\t\t<\/div>\n\t\t\t\t<\/div>\n\t\t\t\t<div class=\"elementor-element elementor-element-5254bbc7 elementor-widget elementor-widget-google_maps\" data-id=\"5254bbc7\" data-element_type=\"widget\" data-e-type=\"widget\" data-widget_type=\"google_maps.default\">\n\t\t\t\t<div class=\"elementor-widget-container\">\n\t\t\t\t\t\t\t<div class=\"elementor-custom-embed\">\n\t\t\t<iframe loading=\"lazy\"\n\t\t\t\t\tsrc=\"https:\/\/maps.google.com\/maps?q=3507%20Lee%20Blvd%2C%20Suite%20280%2C%20Lehigh%20Acres%2C%20Florida%2C%2033971&#038;t=m&#038;z=10&#038;output=embed&#038;iwloc=near\"\n\t\t\t\t\ttitle=\"3507 Lee Blvd, Suite 280, Lehigh Acres, Florida, 33971\"\n\t\t\t\t\taria-label=\"3507 Lee Blvd, Suite 280, Lehigh Acres, Florida, 33971\"\n\t\t\t><\/iframe>\n\t\t<\/div>\n\t\t\t\t\t\t<\/div>\n\t\t\t\t<\/div>\n\t\t\t\t<div class=\"elementor-element elementor-element-586acc52 elementor-widget elementor-widget-text-editor\" data-id=\"586acc52\" data-element_type=\"widget\" data-e-type=\"widget\" data-widget_type=\"text-editor.default\">\n\t\t\t\t<div class=\"elementor-widget-container\">\n\t\t\t\t\t\t\t\t\t<p>3507 Lee Blvd, Suite 280, Lehigh Acres, Florida, 33971<br \/>Phone: (786) 522-7203<br \/>Fax: (786) 522-7204<br \/>office@tlhproject.com<\/p>\t\t\t\t\t\t\t\t<\/div>\n\t\t\t\t<\/div>\n\t\t\t\t<div class=\"elementor-element elementor-element-796d289b elementor-align-center elementor-widget elementor-widget-button\" data-id=\"796d289b\" data-element_type=\"widget\" data-e-type=\"widget\" data-widget_type=\"button.default\">\n\t\t\t\t<div class=\"elementor-widget-container\">\n\t\t\t\t\t\t\t\t\t<div class=\"elementor-button-wrapper\">\n\t\t\t\t\t<a class=\"elementor-button elementor-button-link elementor-size-sm\" href=\"tel:7865227203\">\n\t\t\t\t\t\t<span class=\"elementor-button-content-wrapper\">\n\t\t\t\t\t\t\t\t\t<span class=\"elementor-button-text\">Call now<\/span>\n\t\t\t\t\t<\/span>\n\t\t\t\t\t<\/a>\n\t\t\t\t<\/div>\n\t\t\t\t\t\t\t\t<\/div>\n\t\t\t\t<\/div>\n\t\t\t\t\t<\/div>\n\t\t<\/div>\n\t\t\t\t<div class=\"elementor-column elementor-col-33 elementor-top-column elementor-element elementor-element-51e09ae1 elementor-invisible\" data-id=\"51e09ae1\" data-element_type=\"column\" data-e-type=\"column\" data-settings=\"{&quot;animation&quot;:&quot;fadeInUp&quot;,&quot;animation_delay&quot;:360,&quot;background_background&quot;:&quot;classic&quot;}\">\n\t\t\t<div class=\"elementor-widget-wrap elementor-element-populated\">\n\t\t\t\t\t\t<div class=\"elementor-element elementor-element-5ac6dc9d elementor-widget elementor-widget-heading\" data-id=\"5ac6dc9d\" data-element_type=\"widget\" data-e-type=\"widget\" data-widget_type=\"heading.default\">\n\t\t\t\t<div class=\"elementor-widget-container\">\n\t\t\t\t\t<h2 class=\"elementor-heading-title elementor-size-default\">West Palm Location<\/h2>\t\t\t\t<\/div>\n\t\t\t\t<\/div>\n\t\t\t\t<div class=\"elementor-element elementor-element-45c949ea elementor-widget elementor-widget-google_maps\" data-id=\"45c949ea\" data-element_type=\"widget\" data-e-type=\"widget\" data-widget_type=\"google_maps.default\">\n\t\t\t\t<div class=\"elementor-widget-container\">\n\t\t\t\t\t\t\t<div class=\"elementor-custom-embed\">\n\t\t\t<iframe loading=\"lazy\"\n\t\t\t\t\tsrc=\"https:\/\/maps.google.com\/maps?q=West%20Palm%20Beach&#038;t=m&#038;z=10&#038;output=embed&#038;iwloc=near\"\n\t\t\t\t\ttitle=\"West Palm Beach\"\n\t\t\t\t\taria-label=\"West Palm Beach\"\n\t\t\t><\/iframe>\n\t\t<\/div>\n\t\t\t\t\t\t<\/div>\n\t\t\t\t<\/div>\n\t\t\t\t<div class=\"elementor-element elementor-element-1d3fa684 elementor-widget elementor-widget-text-editor\" data-id=\"1d3fa684\" data-element_type=\"widget\" data-e-type=\"widget\" data-widget_type=\"text-editor.default\">\n\t\t\t\t<div class=\"elementor-widget-container\">\n\t\t\t\t\t\t\t\t\tComing soon!<br>\nPhone: (786) 522 7203<br>\nFax: (786) 522 7204<br>\noffice@tlhproject.com\t\t\t\t\t\t\t\t<\/div>\n\t\t\t\t<\/div>\n\t\t\t\t<div class=\"elementor-element elementor-element-265c793e elementor-align-center elementor-widget elementor-widget-button\" data-id=\"265c793e\" data-element_type=\"widget\" data-e-type=\"widget\" data-widget_type=\"button.default\">\n\t\t\t\t<div class=\"elementor-widget-container\">\n\t\t\t\t\t\t\t\t\t<div class=\"elementor-button-wrapper\">\n\t\t\t\t\t<a class=\"elementor-button elementor-button-link elementor-size-sm\" href=\"tel:7865227203\">\n\t\t\t\t\t\t<span class=\"elementor-button-content-wrapper\">\n\t\t\t\t\t\t\t\t\t<span class=\"elementor-button-text\">Call now<\/span>\n\t\t\t\t\t<\/span>\n\t\t\t\t\t<\/a>\n\t\t\t\t<\/div>\n\t\t\t\t\t\t\t\t<\/div>\n\t\t\t\t<\/div>\n\t\t\t\t\t<\/div>\n\t\t<\/div>\n\t\t\t\t\t<\/div>\n\t\t<\/section>\n\t\t\t\t<\/div>","protected":false},"excerpt":{"rendered":"<p>Ubicaciones Ubicaci\u00f3n Principal 113 Curtis Parkway Miami Springs Florida 33166 Tel\u00e9fono: (786) 522 7203 Fax: (786) 522 7204 office@tlhproject.com Llamar ahora Ubicaci\u00f3n de Leigh 3507 Lee Blvd, Suite 280, Lehigh Acres, Florida, 33971Tel\u00e9fono (786) 522-7203Fax: (786) 522-7204office@tlhproject.com Llamar ahora Ubicaci\u00f3n de West Palm \u00a1Muy pronto! Tel\u00e9fono: (786) 522 7203 Fax: (786) 522 7204 office@tlhproject.com Llamar [&hellip;]<\/p>\n","protected":false},"author":3,"featured_media":0,"parent":0,"menu_order":0,"comment_status":"closed","ping_status":"closed","template":"","meta":{"footnotes":""},"class_list":["post-194","page","type-page","status-publish","hentry"],"yoast_head":"<!-- This site is optimized with the Yoast SEO plugin v27.5 - https:\/\/yoast.com\/product\/yoast-seo-wordpress\/ -->\n<title>Ubicaciones - The Lighthouse Children Therapy Center<\/title>\n<meta name=\"robots\" content=\"index, follow, max-snippet:-1, max-image-preview:large, max-video-preview:-1\" \/>\n<link rel=\"canonical\" href=\"https:\/\/tlhproject.com\/en\/ubicaciones\/\" \/>\n<meta property=\"og:locale\" content=\"en_US\" \/>\n<meta property=\"og:type\" content=\"article\" \/>\n<meta property=\"og:title\" content=\"Ubicaciones - The Lighthouse Children Therapy Center\" \/>\n<meta property=\"og:description\" content=\"Ubicaciones Ubicaci\u00f3n Principal 113 Curtis Parkway Miami Springs Florida 33166 Tel\u00e9fono: (786) 522 7203 Fax: (786) 522 7204 office@tlhproject.com Llamar ahora Ubicaci\u00f3n de Leigh 3507 Lee Blvd, Suite 280, Lehigh Acres, Florida, 33971Tel\u00e9fono (786) 522-7203Fax: (786) 522-7204office@tlhproject.com Llamar ahora Ubicaci\u00f3n de West Palm \u00a1Muy pronto! Tel\u00e9fono: (786) 522 7203 Fax: (786) 522 7204 office@tlhproject.com Llamar [&hellip;]\" \/>\n<meta property=\"og:url\" content=\"https:\/\/tlhproject.com\/en\/ubicaciones\/\" \/>\n<meta property=\"og:site_name\" content=\"The Lighthouse Children Therapy Center\" \/>\n<meta property=\"article:publisher\" content=\"https:\/\/www.facebook.com\/profile.php?id=100087515275309\" \/>\n<meta property=\"article:modified_time\" content=\"2023-02-12T19:17:04+00:00\" \/>\n<meta property=\"og:image\" content=\"https:\/\/tlhproject.com\/wp-content\/uploads\/2023\/02\/wepik-photo-mode-2022913-22451-1.png\" \/>\n<meta name=\"twitter:card\" content=\"summary_large_image\" \/>\n<script type=\"application\/ld+json\" class=\"yoast-schema-graph\">{\"@context\":\"https:\\\/\\\/schema.org\",\"@graph\":[{\"@type\":\"WebPage\",\"@id\":\"https:\\\/\\\/tlhproject.com\\\/ubicaciones\\\/\",\"url\":\"https:\\\/\\\/tlhproject.com\\\/ubicaciones\\\/\",\"name\":\"Ubicaciones - The Lighthouse Children Therapy Center\",\"isPartOf\":{\"@id\":\"https:\\\/\\\/tlhproject.com\\\/#website\"},\"primaryImageOfPage\":{\"@id\":\"https:\\\/\\\/tlhproject.com\\\/ubicaciones\\\/#primaryimage\"},\"image\":{\"@id\":\"https:\\\/\\\/tlhproject.com\\\/ubicaciones\\\/#primaryimage\"},\"thumbnailUrl\":\"https:\\\/\\\/tlhproject.com\\\/wp-content\\\/uploads\\\/2023\\\/02\\\/wepik-photo-mode-2022913-22451-1.png\",\"datePublished\":\"2023-02-12T19:16:41+00:00\",\"dateModified\":\"2023-02-12T19:17:04+00:00\",\"breadcrumb\":{\"@id\":\"https:\\\/\\\/tlhproject.com\\\/ubicaciones\\\/#breadcrumb\"},\"inLanguage\":\"en-US\",\"potentialAction\":[{\"@type\":\"ReadAction\",\"target\":[\"https:\\\/\\\/tlhproject.com\\\/ubicaciones\\\/\"]}]},{\"@type\":\"ImageObject\",\"inLanguage\":\"en-US\",\"@id\":\"https:\\\/\\\/tlhproject.com\\\/ubicaciones\\\/#primaryimage\",\"url\":\"https:\\\/\\\/tlhproject.com\\\/wp-content\\\/uploads\\\/2023\\\/02\\\/wepik-photo-mode-2022913-22451-1.png\",\"contentUrl\":\"https:\\\/\\\/tlhproject.com\\\/wp-content\\\/uploads\\\/2023\\\/02\\\/wepik-photo-mode-2022913-22451-1.png\"},{\"@type\":\"BreadcrumbList\",\"@id\":\"https:\\\/\\\/tlhproject.com\\\/ubicaciones\\\/#breadcrumb\",\"itemListElement\":[{\"@type\":\"ListItem\",\"position\":1,\"name\":\"Portada\",\"item\":\"https:\\\/\\\/tlhproject.com\\\/\"},{\"@type\":\"ListItem\",\"position\":2,\"name\":\"Ubicaciones\"}]},{\"@type\":\"WebSite\",\"@id\":\"https:\\\/\\\/tlhproject.com\\\/#website\",\"url\":\"https:\\\/\\\/tlhproject.com\\\/\",\"name\":\"The Lighthouse Children Therapy Center\",\"description\":\"Applied Behavior Analysis (ABA), Speech, Occupational and Physical Therapy.\",\"publisher\":{\"@id\":\"https:\\\/\\\/tlhproject.com\\\/#organization\"},\"potentialAction\":[{\"@type\":\"SearchAction\",\"target\":{\"@type\":\"EntryPoint\",\"urlTemplate\":\"https:\\\/\\\/tlhproject.com\\\/?s={search_term_string}\"},\"query-input\":{\"@type\":\"PropertyValueSpecification\",\"valueRequired\":true,\"valueName\":\"search_term_string\"}}],\"inLanguage\":\"en-US\"},{\"@type\":\"Organization\",\"@id\":\"https:\\\/\\\/tlhproject.com\\\/#organization\",\"name\":\"The Lighthouse Children Therapy Center\",\"url\":\"https:\\\/\\\/tlhproject.com\\\/\",\"logo\":{\"@type\":\"ImageObject\",\"inLanguage\":\"en-US\",\"@id\":\"https:\\\/\\\/tlhproject.com\\\/#\\\/schema\\\/logo\\\/image\\\/\",\"url\":\"https:\\\/\\\/tlhproject.com\\\/wp-content\\\/uploads\\\/2023\\\/02\\\/Logo.jpg\",\"contentUrl\":\"https:\\\/\\\/tlhproject.com\\\/wp-content\\\/uploads\\\/2023\\\/02\\\/Logo.jpg\",\"width\":503,\"height\":200,\"caption\":\"The Lighthouse Children Therapy Center\"},\"image\":{\"@id\":\"https:\\\/\\\/tlhproject.com\\\/#\\\/schema\\\/logo\\\/image\\\/\"},\"sameAs\":[\"https:\\\/\\\/www.facebook.com\\\/profile.php?id=100087515275309\",\"https:\\\/\\\/www.instagram.com\\\/tlh_children_therapycenter\\\/\"]}]}<\/script>\n<!-- \/ Yoast SEO plugin. -->","yoast_head_json":{"title":"Ubicaciones - The Lighthouse Children Therapy Center","robots":{"index":"index","follow":"follow","max-snippet":"max-snippet:-1","max-image-preview":"max-image-preview:large","max-video-preview":"max-video-preview:-1"},"canonical":"https:\/\/tlhproject.com\/en\/ubicaciones\/","og_locale":"en_US","og_type":"article","og_title":"Ubicaciones - The Lighthouse Children Therapy Center","og_description":"Ubicaciones Ubicaci\u00f3n Principal 113 Curtis Parkway Miami Springs Florida 33166 Tel\u00e9fono: (786) 522 7203 Fax: (786) 522 7204 office@tlhproject.com Llamar ahora Ubicaci\u00f3n de Leigh 3507 Lee Blvd, Suite 280, Lehigh Acres, Florida, 33971Tel\u00e9fono (786) 522-7203Fax: (786) 522-7204office@tlhproject.com Llamar ahora Ubicaci\u00f3n de West Palm \u00a1Muy pronto! Tel\u00e9fono: (786) 522 7203 Fax: (786) 522 7204 office@tlhproject.com Llamar [&hellip;]","og_url":"https:\/\/tlhproject.com\/en\/ubicaciones\/","og_site_name":"The Lighthouse Children Therapy Center","article_publisher":"https:\/\/www.facebook.com\/profile.php?id=100087515275309","article_modified_time":"2023-02-12T19:17:04+00:00","og_image":[{"url":"https:\/\/tlhproject.com\/wp-content\/uploads\/2023\/02\/wepik-photo-mode-2022913-22451-1.png","type":"","width":"","height":""}],"twitter_card":"summary_large_image","schema":{"@context":"https:\/\/schema.org","@graph":[{"@type":"WebPage","@id":"https:\/\/tlhproject.com\/ubicaciones\/","url":"https:\/\/tlhproject.com\/ubicaciones\/","name":"Ubicaciones - The Lighthouse Children Therapy Center","isPartOf":{"@id":"https:\/\/tlhproject.com\/#website"},"primaryImageOfPage":{"@id":"https:\/\/tlhproject.com\/ubicaciones\/#primaryimage"},"image":{"@id":"https:\/\/tlhproject.com\/ubicaciones\/#primaryimage"},"thumbnailUrl":"https:\/\/tlhproject.com\/wp-content\/uploads\/2023\/02\/wepik-photo-mode-2022913-22451-1.png","datePublished":"2023-02-12T19:16:41+00:00","dateModified":"2023-02-12T19:17:04+00:00","breadcrumb":{"@id":"https:\/\/tlhproject.com\/ubicaciones\/#breadcrumb"},"inLanguage":"en-US","potentialAction":[{"@type":"ReadAction","target":["https:\/\/tlhproject.com\/ubicaciones\/"]}]},{"@type":"ImageObject","inLanguage":"en-US","@id":"https:\/\/tlhproject.com\/ubicaciones\/#primaryimage","url":"https:\/\/tlhproject.com\/wp-content\/uploads\/2023\/02\/wepik-photo-mode-2022913-22451-1.png","contentUrl":"https:\/\/tlhproject.com\/wp-content\/uploads\/2023\/02\/wepik-photo-mode-2022913-22451-1.png"},{"@type":"BreadcrumbList","@id":"https:\/\/tlhproject.com\/ubicaciones\/#breadcrumb","itemListElement":[{"@type":"ListItem","position":1,"name":"Portada","item":"https:\/\/tlhproject.com\/"},{"@type":"ListItem","position":2,"name":"Ubicaciones"}]},{"@type":"WebSite","@id":"https:\/\/tlhproject.com\/#website","url":"https:\/\/tlhproject.com\/","name":"The Lighthouse Children Therapy Center","description":"Applied Behavior Analysis (ABA), Speech, Occupational and Physical Therapy.","publisher":{"@id":"https:\/\/tlhproject.com\/#organization"},"potentialAction":[{"@type":"SearchAction","target":{"@type":"EntryPoint","urlTemplate":"https:\/\/tlhproject.com\/?s={search_term_string}"},"query-input":{"@type":"PropertyValueSpecification","valueRequired":true,"valueName":"search_term_string"}}],"inLanguage":"en-US"},{"@type":"Organization","@id":"https:\/\/tlhproject.com\/#organization","name":"The Lighthouse Children Therapy Center","url":"https:\/\/tlhproject.com\/","logo":{"@type":"ImageObject","inLanguage":"en-US","@id":"https:\/\/tlhproject.com\/#\/schema\/logo\/image\/","url":"https:\/\/tlhproject.com\/wp-content\/uploads\/2023\/02\/Logo.jpg","contentUrl":"https:\/\/tlhproject.com\/wp-content\/uploads\/2023\/02\/Logo.jpg","width":503,"height":200,"caption":"The Lighthouse Children Therapy Center"},"image":{"@id":"https:\/\/tlhproject.com\/#\/schema\/logo\/image\/"},"sameAs":["https:\/\/www.facebook.com\/profile.php?id=100087515275309","https:\/\/www.instagram.com\/tlh_children_therapycenter\/"]}]}},"_links":{"self":[{"href":"https:\/\/tlhproject.com\/en\/wp-json\/wp\/v2\/pages\/194","targetHints":{"allow":["GET"]}}],"collection":[{"href":"https:\/\/tlhproject.com\/en\/wp-json\/wp\/v2\/pages"}],"about":[{"href":"https:\/\/tlhproject.com\/en\/wp-json\/wp\/v2\/types\/page"}],"author":[{"embeddable":true,"href":"https:\/\/tlhproject.com\/en\/wp-json\/wp\/v2\/users\/3"}],"replies":[{"embeddable":true,"href":"https:\/\/tlhproject.com\/en\/wp-json\/wp\/v2\/comments?post=194"}],"version-history":[{"count":0,"href":"https:\/\/tlhproject.com\/en\/wp-json\/wp\/v2\/pages\/194\/revisions"}],"wp:attachment":[{"href":"https:\/\/tlhproject.com\/en\/wp-json\/wp\/v2\/media?parent=194"}],"curies":[{"name":"wp","href":"https:\/\/api.w.org\/{rel}","templated":true}]}}