{"id":170,"date":"2023-02-12T19:16:34","date_gmt":"2023-02-12T19:16:34","guid":{"rendered":"https:\/\/tlhproject.com\/recursos\/"},"modified":"2023-02-27T20:43:31","modified_gmt":"2023-02-27T20:43:31","slug":"recursos","status":"publish","type":"page","link":"https:\/\/tlhproject.com\/en\/recursos\/","title":{"rendered":"Resources"},"content":{"rendered":"<div data-elementor-type=\"wp-page\" data-elementor-id=\"170\" class=\"elementor elementor-170\" data-elementor-post-type=\"page\">\n\t\t\t\t\t\t<section class=\"elementor-section elementor-top-section elementor-element elementor-element-6912dd18 elementor-section-boxed elementor-section-height-default elementor-section-height-default\" data-id=\"6912dd18\" data-element_type=\"section\" data-e-type=\"section\" data-settings=\"{&quot;background_background&quot;:&quot;classic&quot;}\">\n\t\t\t\t\t\t\t<div class=\"elementor-background-overlay\"><\/div>\n\t\t\t\t\t\t\t<div class=\"elementor-container elementor-column-gap-default\">\n\t\t\t\t\t<div class=\"elementor-column elementor-col-100 elementor-top-column elementor-element elementor-element-6120b02c elementor-invisible\" data-id=\"6120b02c\" data-element_type=\"column\" data-e-type=\"column\" data-settings=\"{&quot;animation&quot;:&quot;fadeInLeft&quot;}\">\n\t\t\t<div class=\"elementor-widget-wrap elementor-element-populated\">\n\t\t\t\t\t\t<div class=\"elementor-element elementor-element-4fc3443c elementor-widget elementor-widget-heading\" data-id=\"4fc3443c\" data-element_type=\"widget\" data-e-type=\"widget\" data-widget_type=\"heading.default\">\n\t\t\t\t<div class=\"elementor-widget-container\">\n\t\t\t\t\t<h2 class=\"elementor-heading-title elementor-size-default\">FAQ<\/h2>\t\t\t\t<\/div>\n\t\t\t\t<\/div>\n\t\t\t\t\t<\/div>\n\t\t<\/div>\n\t\t\t\t\t<\/div>\n\t\t<\/section>\n\t\t\t\t<section class=\"elementor-section elementor-top-section elementor-element elementor-element-c53a08f elementor-section-boxed elementor-section-height-default elementor-section-height-default\" data-id=\"c53a08f\" data-element_type=\"section\" data-e-type=\"section\">\n\t\t\t\t\t\t<div class=\"elementor-container elementor-column-gap-default\">\n\t\t\t\t\t<div class=\"elementor-column elementor-col-100 elementor-top-column elementor-element elementor-element-7aa97724\" data-id=\"7aa97724\" data-element_type=\"column\" data-e-type=\"column\">\n\t\t\t<div class=\"elementor-widget-wrap elementor-element-populated\">\n\t\t\t\t\t\t<div class=\"elementor-element elementor-element-42d04815 elementor-widget elementor-widget-accordion\" data-id=\"42d04815\" data-element_type=\"widget\" data-e-type=\"widget\" data-widget_type=\"accordion.default\">\n\t\t\t\t<div class=\"elementor-widget-container\">\n\t\t\t\t\t\t\t<div class=\"elementor-accordion\">\n\t\t\t\t\t\t\t<div class=\"elementor-accordion-item\">\n\t\t\t\t\t<div id=\"elementor-tab-title-1121\" class=\"elementor-tab-title\" data-tab=\"1\" role=\"button\" aria-controls=\"elementor-tab-content-1121\" aria-expanded=\"false\">\n\t\t\t\t\t\t\t\t\t\t\t\t\t<span class=\"elementor-accordion-icon elementor-accordion-icon-left\" aria-hidden=\"true\">\n\t\t\t\t\t\t\t\t\t\t\t\t\t\t\t<span class=\"elementor-accordion-icon-closed\"><i class=\"fas fa-plus\"><\/i><\/span>\n\t\t\t\t\t\t\t\t<span class=\"elementor-accordion-icon-opened\"><i class=\"fas fa-minus\"><\/i><\/span>\n\t\t\t\t\t\t\t\t\t\t\t\t\t\t<\/span>\n\t\t\t\t\t\t\t\t\t\t\t\t<a class=\"elementor-accordion-title\" tabindex=\"0\">What is autism?<\/a>\n\t\t\t\t\t<\/div>\n\t\t\t\t\t<div id=\"elementor-tab-content-1121\" class=\"elementor-tab-content elementor-clearfix\" data-tab=\"1\" role=\"region\" aria-labelledby=\"elementor-tab-title-1121\"><p>Known as autism spectrum disorder (ASD), it is characterized by a series of alterations linked to communication and also to social interactions where repetitive or even restrictive behaviors can be identified.<\/p><\/div>\n\t\t\t\t<\/div>\n\t\t\t\t\t\t\t<div class=\"elementor-accordion-item\">\n\t\t\t\t\t<div id=\"elementor-tab-title-1122\" class=\"elementor-tab-title\" data-tab=\"2\" role=\"button\" aria-controls=\"elementor-tab-content-1122\" aria-expanded=\"false\">\n\t\t\t\t\t\t\t\t\t\t\t\t\t<span class=\"elementor-accordion-icon elementor-accordion-icon-left\" aria-hidden=\"true\">\n\t\t\t\t\t\t\t\t\t\t\t\t\t\t\t<span class=\"elementor-accordion-icon-closed\"><i class=\"fas fa-plus\"><\/i><\/span>\n\t\t\t\t\t\t\t\t<span class=\"elementor-accordion-icon-opened\"><i class=\"fas fa-minus\"><\/i><\/span>\n\t\t\t\t\t\t\t\t\t\t\t\t\t\t<\/span>\n\t\t\t\t\t\t\t\t\t\t\t\t<a class=\"elementor-accordion-title\" tabindex=\"0\">What is ABA therapy?<\/a>\n\t\t\t\t\t<\/div>\n\t\t\t\t\t<div id=\"elementor-tab-content-1122\" class=\"elementor-tab-content elementor-clearfix\" data-tab=\"2\" role=\"region\" aria-labelledby=\"elementor-tab-title-1122\"><p>It is a behavioral therapy focused on improving language, cognitive, social interaction, and motor skills.<\/p><\/div>\n\t\t\t\t<\/div>\n\t\t\t\t\t\t\t<div class=\"elementor-accordion-item\">\n\t\t\t\t\t<div id=\"elementor-tab-title-1123\" class=\"elementor-tab-title\" data-tab=\"3\" role=\"button\" aria-controls=\"elementor-tab-content-1123\" aria-expanded=\"false\">\n\t\t\t\t\t\t\t\t\t\t\t\t\t<span class=\"elementor-accordion-icon elementor-accordion-icon-left\" aria-hidden=\"true\">\n\t\t\t\t\t\t\t\t\t\t\t\t\t\t\t<span class=\"elementor-accordion-icon-closed\"><i class=\"fas fa-plus\"><\/i><\/span>\n\t\t\t\t\t\t\t\t<span class=\"elementor-accordion-icon-opened\"><i class=\"fas fa-minus\"><\/i><\/span>\n\t\t\t\t\t\t\t\t\t\t\t\t\t\t<\/span>\n\t\t\t\t\t\t\t\t\t\t\t\t<a class=\"elementor-accordion-title\" tabindex=\"0\">How can I access your therapies?<\/a>\n\t\t\t\t\t<\/div>\n\t\t\t\t\t<div id=\"elementor-tab-content-1123\" class=\"elementor-tab-content elementor-clearfix\" data-tab=\"3\" role=\"region\" aria-labelledby=\"elementor-tab-title-1123\"><p>You can contact us to schedule an evaluation and determine the type of therapy that your child needs.<\/p><\/div>\n\t\t\t\t<\/div>\n\t\t\t\t\t\t\t\t<\/div>\n\t\t\t\t\t\t<\/div>\n\t\t\t\t<\/div>\n\t\t\t\t\t<\/div>\n\t\t<\/div>\n\t\t\t\t\t<\/div>\n\t\t<\/section>\n\t\t\t\t<\/div>","protected":false},"excerpt":{"rendered":"<p>FAQ \u00bfQu\u00e9 es el autismo? Conocido como los trastornos del espectro autista (TEA),&nbsp; se caracteriza por una serie de alteraciones ligadas a la comunicaci\u00f3n y tambi\u00e9n a&nbsp; la interacci\u00f3n social en donde se pueden identificar comportamientos repetitivos o incluso restrictivos. \u00bfQu\u00e9 es la terapia ABA? Es una terapia de comportamiento enfocada en mejorar las habilidades [&hellip;]<\/p>\n","protected":false},"author":3,"featured_media":0,"parent":0,"menu_order":0,"comment_status":"closed","ping_status":"closed","template":"","meta":{"footnotes":""},"class_list":["post-170","page","type-page","status-publish","hentry"],"yoast_head":"<!-- This site is optimized with the Yoast SEO plugin v27.5 - https:\/\/yoast.com\/product\/yoast-seo-wordpress\/ -->\n<title>Recursos - The Lighthouse Children Therapy Center<\/title>\n<meta name=\"robots\" content=\"index, follow, max-snippet:-1, max-image-preview:large, max-video-preview:-1\" \/>\n<link rel=\"canonical\" href=\"https:\/\/tlhproject.com\/en\/recursos\/\" \/>\n<meta property=\"og:locale\" content=\"en_US\" \/>\n<meta property=\"og:type\" content=\"article\" \/>\n<meta property=\"og:title\" content=\"Recursos - The Lighthouse Children Therapy Center\" \/>\n<meta property=\"og:description\" content=\"FAQ \u00bfQu\u00e9 es el autismo? Conocido como los trastornos del espectro autista (TEA),&nbsp; se caracteriza por una serie de alteraciones ligadas a la comunicaci\u00f3n y tambi\u00e9n a&nbsp; la interacci\u00f3n social en donde se pueden identificar comportamientos repetitivos o incluso restrictivos. \u00bfQu\u00e9 es la terapia ABA? Es una terapia de comportamiento enfocada en mejorar las habilidades [&hellip;]\" \/>\n<meta property=\"og:url\" content=\"https:\/\/tlhproject.com\/en\/recursos\/\" \/>\n<meta property=\"og:site_name\" content=\"The Lighthouse Children Therapy Center\" \/>\n<meta property=\"article:publisher\" content=\"https:\/\/www.facebook.com\/profile.php?id=100087515275309\" \/>\n<meta property=\"article:modified_time\" content=\"2023-02-27T20:43:31+00:00\" \/>\n<meta name=\"twitter:card\" content=\"summary_large_image\" \/>\n<meta name=\"twitter:label1\" content=\"Est. reading time\" \/>\n\t<meta name=\"twitter:data1\" content=\"1 minute\" \/>\n<script type=\"application\/ld+json\" class=\"yoast-schema-graph\">{\"@context\":\"https:\\\/\\\/schema.org\",\"@graph\":[{\"@type\":\"WebPage\",\"@id\":\"https:\\\/\\\/tlhproject.com\\\/recursos\\\/\",\"url\":\"https:\\\/\\\/tlhproject.com\\\/recursos\\\/\",\"name\":\"Recursos - The Lighthouse Children Therapy Center\",\"isPartOf\":{\"@id\":\"https:\\\/\\\/tlhproject.com\\\/#website\"},\"datePublished\":\"2023-02-12T19:16:34+00:00\",\"dateModified\":\"2023-02-27T20:43:31+00:00\",\"breadcrumb\":{\"@id\":\"https:\\\/\\\/tlhproject.com\\\/recursos\\\/#breadcrumb\"},\"inLanguage\":\"en-US\",\"potentialAction\":[{\"@type\":\"ReadAction\",\"target\":[\"https:\\\/\\\/tlhproject.com\\\/recursos\\\/\"]}]},{\"@type\":\"BreadcrumbList\",\"@id\":\"https:\\\/\\\/tlhproject.com\\\/recursos\\\/#breadcrumb\",\"itemListElement\":[{\"@type\":\"ListItem\",\"position\":1,\"name\":\"Portada\",\"item\":\"https:\\\/\\\/tlhproject.com\\\/\"},{\"@type\":\"ListItem\",\"position\":2,\"name\":\"Recursos\"}]},{\"@type\":\"WebSite\",\"@id\":\"https:\\\/\\\/tlhproject.com\\\/#website\",\"url\":\"https:\\\/\\\/tlhproject.com\\\/\",\"name\":\"The Lighthouse Children Therapy Center\",\"description\":\"Applied Behavior Analysis (ABA), Speech, Occupational and Physical Therapy.\",\"publisher\":{\"@id\":\"https:\\\/\\\/tlhproject.com\\\/#organization\"},\"potentialAction\":[{\"@type\":\"SearchAction\",\"target\":{\"@type\":\"EntryPoint\",\"urlTemplate\":\"https:\\\/\\\/tlhproject.com\\\/?s={search_term_string}\"},\"query-input\":{\"@type\":\"PropertyValueSpecification\",\"valueRequired\":true,\"valueName\":\"search_term_string\"}}],\"inLanguage\":\"en-US\"},{\"@type\":\"Organization\",\"@id\":\"https:\\\/\\\/tlhproject.com\\\/#organization\",\"name\":\"The Lighthouse Children Therapy Center\",\"url\":\"https:\\\/\\\/tlhproject.com\\\/\",\"logo\":{\"@type\":\"ImageObject\",\"inLanguage\":\"en-US\",\"@id\":\"https:\\\/\\\/tlhproject.com\\\/#\\\/schema\\\/logo\\\/image\\\/\",\"url\":\"https:\\\/\\\/tlhproject.com\\\/wp-content\\\/uploads\\\/2023\\\/02\\\/Logo.jpg\",\"contentUrl\":\"https:\\\/\\\/tlhproject.com\\\/wp-content\\\/uploads\\\/2023\\\/02\\\/Logo.jpg\",\"width\":503,\"height\":200,\"caption\":\"The Lighthouse Children Therapy Center\"},\"image\":{\"@id\":\"https:\\\/\\\/tlhproject.com\\\/#\\\/schema\\\/logo\\\/image\\\/\"},\"sameAs\":[\"https:\\\/\\\/www.facebook.com\\\/profile.php?id=100087515275309\",\"https:\\\/\\\/www.instagram.com\\\/tlh_children_therapycenter\\\/\"]}]}<\/script>\n<!-- \/ Yoast SEO plugin. -->","yoast_head_json":{"title":"Recursos - The Lighthouse Children Therapy Center","robots":{"index":"index","follow":"follow","max-snippet":"max-snippet:-1","max-image-preview":"max-image-preview:large","max-video-preview":"max-video-preview:-1"},"canonical":"https:\/\/tlhproject.com\/en\/recursos\/","og_locale":"en_US","og_type":"article","og_title":"Recursos - The Lighthouse Children Therapy Center","og_description":"FAQ \u00bfQu\u00e9 es el autismo? Conocido como los trastornos del espectro autista (TEA),&nbsp; se caracteriza por una serie de alteraciones ligadas a la comunicaci\u00f3n y tambi\u00e9n a&nbsp; la interacci\u00f3n social en donde se pueden identificar comportamientos repetitivos o incluso restrictivos. \u00bfQu\u00e9 es la terapia ABA? Es una terapia de comportamiento enfocada en mejorar las habilidades [&hellip;]","og_url":"https:\/\/tlhproject.com\/en\/recursos\/","og_site_name":"The Lighthouse Children Therapy Center","article_publisher":"https:\/\/www.facebook.com\/profile.php?id=100087515275309","article_modified_time":"2023-02-27T20:43:31+00:00","twitter_card":"summary_large_image","twitter_misc":{"Est. reading time":"1 minute"},"schema":{"@context":"https:\/\/schema.org","@graph":[{"@type":"WebPage","@id":"https:\/\/tlhproject.com\/recursos\/","url":"https:\/\/tlhproject.com\/recursos\/","name":"Recursos - The Lighthouse Children Therapy Center","isPartOf":{"@id":"https:\/\/tlhproject.com\/#website"},"datePublished":"2023-02-12T19:16:34+00:00","dateModified":"2023-02-27T20:43:31+00:00","breadcrumb":{"@id":"https:\/\/tlhproject.com\/recursos\/#breadcrumb"},"inLanguage":"en-US","potentialAction":[{"@type":"ReadAction","target":["https:\/\/tlhproject.com\/recursos\/"]}]},{"@type":"BreadcrumbList","@id":"https:\/\/tlhproject.com\/recursos\/#breadcrumb","itemListElement":[{"@type":"ListItem","position":1,"name":"Portada","item":"https:\/\/tlhproject.com\/"},{"@type":"ListItem","position":2,"name":"Recursos"}]},{"@type":"WebSite","@id":"https:\/\/tlhproject.com\/#website","url":"https:\/\/tlhproject.com\/","name":"The Lighthouse Children Therapy Center","description":"Applied Behavior Analysis (ABA), Speech, Occupational and Physical Therapy.","publisher":{"@id":"https:\/\/tlhproject.com\/#organization"},"potentialAction":[{"@type":"SearchAction","target":{"@type":"EntryPoint","urlTemplate":"https:\/\/tlhproject.com\/?s={search_term_string}"},"query-input":{"@type":"PropertyValueSpecification","valueRequired":true,"valueName":"search_term_string"}}],"inLanguage":"en-US"},{"@type":"Organization","@id":"https:\/\/tlhproject.com\/#organization","name":"The Lighthouse Children Therapy Center","url":"https:\/\/tlhproject.com\/","logo":{"@type":"ImageObject","inLanguage":"en-US","@id":"https:\/\/tlhproject.com\/#\/schema\/logo\/image\/","url":"https:\/\/tlhproject.com\/wp-content\/uploads\/2023\/02\/Logo.jpg","contentUrl":"https:\/\/tlhproject.com\/wp-content\/uploads\/2023\/02\/Logo.jpg","width":503,"height":200,"caption":"The Lighthouse Children Therapy Center"},"image":{"@id":"https:\/\/tlhproject.com\/#\/schema\/logo\/image\/"},"sameAs":["https:\/\/www.facebook.com\/profile.php?id=100087515275309","https:\/\/www.instagram.com\/tlh_children_therapycenter\/"]}]}},"_links":{"self":[{"href":"https:\/\/tlhproject.com\/en\/wp-json\/wp\/v2\/pages\/170","targetHints":{"allow":["GET"]}}],"collection":[{"href":"https:\/\/tlhproject.com\/en\/wp-json\/wp\/v2\/pages"}],"about":[{"href":"https:\/\/tlhproject.com\/en\/wp-json\/wp\/v2\/types\/page"}],"author":[{"embeddable":true,"href":"https:\/\/tlhproject.com\/en\/wp-json\/wp\/v2\/users\/3"}],"replies":[{"embeddable":true,"href":"https:\/\/tlhproject.com\/en\/wp-json\/wp\/v2\/comments?post=170"}],"version-history":[{"count":0,"href":"https:\/\/tlhproject.com\/en\/wp-json\/wp\/v2\/pages\/170\/revisions"}],"wp:attachment":[{"href":"https:\/\/tlhproject.com\/en\/wp-json\/wp\/v2\/media?parent=170"}],"curies":[{"name":"wp","href":"https:\/\/api.w.org\/{rel}","templated":true}]}}